{"id":681,"date":"2026-01-22T14:43:16","date_gmt":"2026-01-22T17:43:16","guid":{"rendered":"https:\/\/itsitejobs.com\/?page_id=681"},"modified":"2026-03-06T11:38:08","modified_gmt":"2026-03-06T14:38:08","slug":"registro-empresa","status":"publish","type":"page","link":"https:\/\/itsitejobs.com\/en\/registro-empresa\/","title":{"rendered":"Registro Empresa"},"content":{"rendered":"\t\t<div data-elementor-type=\"wp-page\" data-elementor-id=\"681\" class=\"elementor elementor-681\" data-elementor-post-type=\"page\">\n\t\t\t\t<div class=\"elementor-element elementor-element-2b0684e e-flex e-con-boxed wpr-particle-no wpr-jarallax-no wpr-parallax-no wpr-sticky-section-no wpr-equal-height-no e-con e-parent\" data-id=\"2b0684e\" data-element_type=\"container\" data-e-type=\"container\" data-settings=\"{&quot;background_background&quot;:&quot;gradient&quot;}\">\n\t\t\t\t\t<div class=\"e-con-inner\">\n\t\t<div class=\"elementor-element elementor-element-9501aca e-con-full e-flex wpr-particle-no wpr-jarallax-no wpr-parallax-no wpr-sticky-section-no wpr-equal-height-no e-con e-child\" data-id=\"9501aca\" data-element_type=\"container\" data-e-type=\"container\">\n\t\t\t\t<div class=\"elementor-element elementor-element-00fcc32 elementor-hidden-desktop elementor-hidden-laptop elementor-hidden-tablet elementor-widget elementor-widget-heading\" data-id=\"00fcc32\" data-element_type=\"widget\" data-e-type=\"widget\" data-widget_type=\"heading.default\">\n\t\t\t\t\t<h2 class=\"elementor-heading-title elementor-size-default\">Encuentra tu <br>pr\u00f3ximo candidato<\/h2>\t\t\t\t<\/div>\n\t\t\t\t<div class=\"elementor-element elementor-element-977c2d2 elementor-widget__width-initial elementor-widget-mobile__width-inherit elementor-hidden-desktop elementor-hidden-laptop elementor-hidden-tablet elementor-widget elementor-widget-text-editor\" data-id=\"977c2d2\" data-element_type=\"widget\" data-e-type=\"widget\" data-widget_type=\"text-editor.default\">\n\t\t\t\t\t\t\t\t\t<p>S\u00famate a miles de empresas que usan nuestro ecosistema IT impulsada por IA para descubrir, conectar y contratar el mejor talento, m\u00e1s r\u00e1pido que nunca.<\/p>\t\t\t\t\t\t\t\t<\/div>\n\t\t<div class=\"elementor-element elementor-element-0393050 e-con-full e-flex wpr-particle-no wpr-jarallax-no wpr-parallax-no wpr-sticky-section-no wpr-equal-height-no e-con e-child\" data-id=\"0393050\" data-element_type=\"container\" data-e-type=\"container\" data-settings=\"{&quot;background_background&quot;:&quot;classic&quot;}\">\n\t\t\t\t<div class=\"elementor-element elementor-element-595ade5 elementor-widget elementor-widget-heading\" data-id=\"595ade5\" data-element_type=\"widget\" data-e-type=\"widget\" data-widget_type=\"heading.default\">\n\t\t\t\t\t<h2 class=\"elementor-heading-title elementor-size-default\">Crea tu cuenta gratis<\/h2>\t\t\t\t<\/div>\n\t\t\t\t<div class=\"elementor-element elementor-element-e8617b8 elementor-widget elementor-widget-text-editor\" data-id=\"e8617b8\" data-element_type=\"widget\" data-e-type=\"widget\" data-widget_type=\"text-editor.default\">\n\t\t\t\t\t\t\t\t\tEncuentra el mejor talento hoy mismo\t\t\t\t\t\t\t\t<\/div>\n\t\t\t\t<div class=\"elementor-element elementor-element-9287a83 elementor-widget elementor-widget-jet-form-builder-form\" data-id=\"9287a83\" data-element_type=\"widget\" data-e-type=\"widget\" data-widget_type=\"jet-form-builder-form.default\">\n\t\t\t\t<div class=\"elementor-widget-container\">\n\t\t\t\t\t<link rel='stylesheet' id='wp-block-library-css' href='https:\/\/itsitejobs.com\/wp-includes\/css\/dist\/block-library\/style.min.css?ver=6.9.4' media='all' \/>\n<style id=\"jet-form-builder-703-inline-css\"><\/style><form  class=\"jet-form-builder layout-column submit-type-reload\" action=\"https:\/\/itsitejobs.com\/en\/wp-json\/wp\/v2\/pages\/681\/?05m8cN=0bpi5125L3Zd&amp;method=reload\" method=\"POST\" data-form-id=\"703\" data-layout=\"column\" enctype=\"multipart\/form-data\" novalidate=\"null\" ssr_validation_method=\"rest\"><input type=\"hidden\" id=\"_wpnonce\" name=\"_wpnonce\" value=\"dad0e42ef7\" \/><input type=\"hidden\" name=\"_wp_http_referer\" value=\"\/en\/wp-json\/wp\/v2\/pages\/681\" \/>\r\n<input type=\"hidden\" name=\"_jfb_current_render_states[]\" value=\"DEFAULT.STATE\" data-jfb-sync \/><input type=\"hidden\" class=\"jet-form-builder__field hidden-field\" name=\"_jet_engine_booking_form_id\" data-field-name=\"_jet_engine_booking_form_id\" value=\"703\">\n<input type=\"hidden\" class=\"jet-form-builder__field hidden-field\" name=\"_jet_engine_refer\" data-field-name=\"_jet_engine_refer\" value=\"https:\/\/itsitejobs.com\/en\/wp-json\/wp\/v2\/pages\/681\/\">\n<input type=\"hidden\" class=\"jet-form-builder__field hidden-field\" name=\"__queried_post_id\" data-field-name=\"__queried_post_id\" value=\"681\">\n\n<h3 class=\"wp-block-heading form-section-title\">Informaci\u00f3n de la empresa<\/h3>\n\n\n<div  class=\"jet-form-builder-row field-type-text-field cb-nqqdl9go\" >\n<div class=\"jet-form-builder__label\">\r\n<div class=\"jet-form-builder__label-text\">Nombre <span class=\"jet-form-builder__required\">*<\/span><\/div><\/div><div class=\"jet-form-builder__field-wrap\">\n\t\t\t\t<input placeholder=\"Nombre\" required=\"required\" name=\"empresa_contacto_nombre\" id=\"empresa_contacto_nombre\" type=\"text\" data-field-name=\"empresa_contacto_nombre\" class=\"jet-form-builder__field text-field\" data-jfb-sync=\"null\" autocomplete=\"off_DTvE7iZg\">\n\t\t\t\t\t<\/div>\n<\/div>\n\n<div  class=\"jet-form-builder-row field-type-text-field cb-hre8f01z\" >\n<div class=\"jet-form-builder__label\">\r\n<div class=\"jet-form-builder__label-text\">Apellido <span class=\"jet-form-builder__required\">*<\/span><\/div><\/div><div class=\"jet-form-builder__field-wrap\">\n\t\t\t\t<input placeholder=\"Apellido\" required=\"required\" name=\"empresa_contacto_apellido\" id=\"empresa_contacto_apellido\" type=\"text\" data-field-name=\"empresa_contacto_apellido\" class=\"jet-form-builder__field text-field\" data-jfb-sync=\"null\" autocomplete=\"off_kBOS0RUA\">\n\t\t\t\t\t<\/div>\n<\/div>\n\n<div  class=\"jet-form-builder-row field-type-text-field cb-spo2qn3v\" >\n<div class=\"jet-form-builder__label\">\r\n<div class=\"jet-form-builder__label-text\">N\u00famero de tel\u00e9fono<\/div><\/div><div class=\"jet-form-builder__field-wrap\">\n\t\t\t\t<input placeholder=\"+54 11 1111 1111\" name=\"empresa_celular\" id=\"empresa_celular\" type=\"text\" data-field-name=\"empresa_celular\" class=\"jet-form-builder__field text-field\" data-jfb-sync=\"null\" autocomplete=\"off_goOMS37P\">\n\t\t\t\t\t<\/div><div class=\"jet-form-builder__desc\"><small>Sin espacios y sin guiones<\/small><\/div>\n<\/div>\n\n<div  class=\"jet-form-builder-row field-type-select-field wp-block-jet-forms-select-field cb-s5ecw1wg\">\n<div class=\"jet-form-builder__label\">\r\n<div class=\"jet-form-builder__label-text\">Pa\u00eds <span class=\"jet-form-builder__required\">*<\/span><\/div><\/div><div class=\"jet-form-builder__field-wrap\">\n\t<select class=\"jet-form-builder__field select-field\" required=\"required\" name=\"empresa_pais\" data-field-name=\"empresa_pais\" id=\"empresa_pais\" data-jfb-sync=\"null\">\n\t\t<option value=\"\"  selected>Selecciona un pa\u00eds<\/option><option value=\"Seleccionar\" >Seleccionar<\/option><option value=\"Argentina\" >Argentina<\/option><option value=\"Bolivia\" >Bolivia<\/option><option value=\"Brasil\" >Brasil<\/option><option value=\"Chile\" >Chile<\/option><option value=\"Colombia\" >Colombia<\/option><option value=\"Ecuador\" >Ecuador<\/option><option value=\"Paraguay\" >Paraguay<\/option><option value=\"Peru\" >Per\u00fa<\/option><option value=\"Uruguay\" >Uruguay<\/option><option value=\"Venezuela\" >Venezuela<\/option><option value=\"Mexico\" >M\u00e9xico<\/option><option value=\"Guatemala\" >Guatemala<\/option><option value=\"El Salvador\" >El Salvador<\/option><option value=\"Honduras\" >Honduras<\/option><option value=\"Nicaragua\" >Nicaragua<\/option><option value=\"Costa Rica\" >Costa Rica<\/option><option value=\"Panama\" >Panam\u00e1<\/option><option value=\"Cuba\" >Cuba<\/option><option value=\"Republica Dominicana\" >Rep\u00fablica Dominicana<\/option><option value=\"Haiti\" >Hait\u00ed<\/option><option value=\"USA\" >USA<\/option><option value=\"Espana\" >Espa\u00f1a<\/option>\t<\/select>\n<\/div>\n<\/div>\n\n\n<p><\/p>\n\n\n<div  class=\"jet-form-builder-row field-type-text-field cb-v9vw4uww\" >\n<div class=\"jet-form-builder__label\">\r\n<div class=\"jet-form-builder__label-text\">Provincia\/Estado<\/div><\/div><div class=\"jet-form-builder__field-wrap\">\n\t\t\t\t<input placeholder=\"Provincia\/Estado\" name=\"empresa_provincia\" id=\"empresa_provincia\" type=\"text\" data-field-name=\"empresa_provincia\" class=\"jet-form-builder__field text-field\" data-jfb-sync=\"null\" autocomplete=\"off_Lt5Hz9fY\">\n\t\t\t\t\t<\/div>\n<\/div>\n\n<div  class=\"jet-form-builder-row field-type-text-field cb-j19gmx89\" >\n<div class=\"jet-form-builder__label\">\r\n<div class=\"jet-form-builder__label-text\">Ciudad<\/div><\/div><div class=\"jet-form-builder__field-wrap\">\n\t\t\t\t<input placeholder=\"Ciudad\" name=\"empresa_ciudad\" id=\"empresa_ciudad\" type=\"text\" data-field-name=\"empresa_ciudad\" class=\"jet-form-builder__field text-field\" data-jfb-sync=\"null\" autocomplete=\"off_2cDHQiB7\">\n\t\t\t\t\t<\/div>\n<\/div>\n\n<div  class=\"jet-form-builder-row field-type-text-field cb-ij4faog9\" >\n<div class=\"jet-form-builder__label\">\r\n<div class=\"jet-form-builder__label-text\">Direcci\u00f3n<\/div><\/div><div class=\"jet-form-builder__field-wrap\">\n\t\t\t\t<input placeholder=\"Direcci\u00f3n de empresa\" name=\"empresa_direccion\" id=\"empresa_direccion\" type=\"text\" data-field-name=\"empresa_direccion\" class=\"jet-form-builder__field text-field\" data-jfb-sync=\"null\" autocomplete=\"off_mBOUuAx8\">\n\t\t\t\t\t<\/div>\n<\/div>\n\n<div  class=\"jet-form-builder-row field-type-text-field cb-hznfjrxq\" >\n<div class=\"jet-form-builder__label\">\r\n<div class=\"jet-form-builder__label-text\">Raz\u00f3n social <span class=\"jet-form-builder__required\">*<\/span><\/div><\/div><div class=\"jet-form-builder__field-wrap\">\n\t\t\t\t<input placeholder=\"Raz\u00f3n social\" required=\"required\" name=\"empresa_razon_social\" id=\"empresa_razon_social\" type=\"text\" data-field-name=\"empresa_razon_social\" class=\"jet-form-builder__field text-field\" data-jfb-sync=\"null\" autocomplete=\"off_yElApI1s\">\n\t\t\t\t\t<\/div><div class=\"jet-form-builder__desc\"><small>Nombre de la empresa<\/small><\/div>\n<\/div>\n\n<div  class=\"jet-form-builder-row field-type-text-field cb-cxy866q4\" >\n<div class=\"jet-form-builder__label\">\r\n<div class=\"jet-form-builder__label-text\">CUIT\/otros<\/div><\/div><div class=\"jet-form-builder__field-wrap\">\n\t\t\t\t<input placeholder=\"CUIT\" name=\"empresa_cuit\" id=\"empresa_cuit\" type=\"text\" data-field-name=\"empresa_cuit\" class=\"jet-form-builder__field text-field\" data-jfb-sync=\"null\" autocomplete=\"off_t0HcoPUm\">\n\t\t\t\t\t<\/div>\n<\/div>\n\n<div  class=\"jet-form-builder-row field-type-text-field cb-k9uuxm2w\" >\n<div class=\"jet-form-builder__label\">\r\n<div class=\"jet-form-builder__label-text\">Direcci\u00f3n fiscal<\/div><\/div><div class=\"jet-form-builder__field-wrap\">\n\t\t\t\t<input placeholder=\"Direcci\u00f3n fiscal\" name=\"empresa_direccion_fiscal\" id=\"empresa_direccion_fiscal\" type=\"text\" data-field-name=\"empresa_direccion_fiscal\" class=\"jet-form-builder__field text-field\" data-jfb-sync=\"null\" autocomplete=\"off_CuTq2zDr\">\n\t\t\t\t\t<\/div>\n<\/div>\n\n<div  class=\"jet-form-builder-row field-type-select-field wp-block-jet-forms-select-field cb-x5lz2qe0\">\n<div class=\"jet-form-builder__label\">\r\n<div class=\"jet-form-builder__label-text\">Industria <span class=\"jet-form-builder__required\">*<\/span><\/div><\/div><div class=\"jet-form-builder__field-wrap\">\n\t<select class=\"jet-form-builder__field select-field\" required=\"required\" name=\"empresa_industria\" data-field-name=\"empresa_industria\" id=\"empresa_industria\" data-jfb-sync=\"null\">\n\t\t<option value=\"\"  selected>Seleccionar industria<\/option><option value=\"Tecnolog\u00eda\" >Tecnolog\u00eda<\/option><option value=\"Finanzas\" >Finanzas<\/option><option value=\"Salud\" >Salud<\/option><option value=\"E-commerce\" >E-commerce<\/option><option value=\"Marketing\" >Marketing<\/option><option value=\"Educaci\u00f3n\" >Educaci\u00f3n<\/option><option value=\"Consultor\u00eda\" >Consultor\u00eda<\/option><option value=\"Retail\" >Retail<\/option><option value=\"Manufactura\" >Manufactura<\/option><option value=\"Log\u00edstica\" >Log\u00edstica<\/option><option value=\"Otra\" >Otra<\/option>\t<\/select>\n<\/div>\n<\/div>\n\n<div  class=\"jet-form-builder-row field-type-select-field wp-block-jet-forms-select-field cb-zvqdnr28\">\n<div class=\"jet-form-builder__label\">\r\n<div class=\"jet-form-builder__label-text\">Tama\u00f1o de la empresa <span class=\"jet-form-builder__required\">*<\/span><\/div><\/div><div class=\"jet-form-builder__field-wrap\">\n\t<select class=\"jet-form-builder__field select-field\" required=\"required\" name=\"empresa_tamanio\" data-field-name=\"empresa_tamanio\" id=\"empresa_tamanio\" data-jfb-sync=\"null\" data-default-val=\"Seleccionar tama\u00f1o\">\n\t\t<option value=\"1-10 empleados\" >1-10 empleados<\/option><option value=\"11-50 empleados\" >11-50 empleados<\/option><option value=\"51-200 empleados\" >51-200 empleados<\/option><option value=\"201-500 empleados\" >201-500 empleados<\/option><option value=\"500+ empleados\" >500+ empleados<\/option>\t<\/select>\n<\/div>\n<\/div>\n\n\n<h3 class=\"wp-block-heading form-section-title\">Informaci\u00f3n de la cuenta<\/h3>\n\n\n<div  class=\"jet-form-builder-row field-type-text-field cb-bz71icgw\" >\n<div class=\"jet-form-builder__label\">\r\n<div class=\"jet-form-builder__label-text\">Mail corporativo <span class=\"jet-form-builder__required\">*<\/span><\/div><\/div><div class=\"jet-form-builder__field-wrap\">\n\t\t\t\t<input placeholder=\"Escribe aqu\u00ed el mail\" required=\"required\" name=\"user_email\" id=\"user_email\" type=\"email\" data-field-name=\"user_email\" class=\"jet-form-builder__field text-field\" data-jfb-sync=\"null\" autocomplete=\"off_dQ9GADJo\">\n\t\t\t\t\t<\/div>\n<\/div>\n\n<div  data-validation-type=\"advanced\" data-validation-rules=\"[{&quot;__visible&quot;:true,&quot;type&quot;:&quot;regexp&quot;,&quot;value&quot;:&quot;^(?=.*[A-Za-z])(?=.*\\\\d).{8,}$&quot;,&quot;message&quot;:&quot;La contrase\u00f1a debe tener al menos 8 caracteres, incluyendo letras y n\u00fameros&quot;}]\" class=\"jet-form-builder-row field-type-text-field cb-wx83xfjf\" >\n<div class=\"jet-form-builder__label\">\r\n<div class=\"jet-form-builder__label-text\">Contrase\u00f1a <span class=\"jet-form-builder__required\">*<\/span><\/div><\/div><div class=\"jet-form-builder__field-wrap\">\n\t\t\t\t<input placeholder=\"Min 8 caracteres\" required=\"required\" name=\"user_password\" id=\"user_password\" type=\"password\" data-field-name=\"user_password\" class=\"jet-form-builder__field text-field\" data-jfb-sync=\"null\" autocomplete=\"off_qTc3fltJ\">\n\t\t\t\t\t<\/div>\n<\/div>\n\n<div  data-validation-type=\"advanced\" data-validation-rules=\"[{&quot;__visible&quot;:true,&quot;type&quot;:&quot;equal&quot;,&quot;field&quot;:&quot;user_password&quot;,&quot;message&quot;:&quot;Las contrase\u00f1as no coinciden&quot;,&quot;value&quot;:&quot;&quot;}]\" class=\"jet-form-builder-row field-type-text-field cb-e62nhpla\" >\n<div class=\"jet-form-builder__label\">\r\n<div class=\"jet-form-builder__label-text\">Repetir contrase\u00f1a <span class=\"jet-form-builder__required\">*<\/span><\/div><\/div><div class=\"jet-form-builder__field-wrap\">\n\t\t\t\t<input required=\"required\" name=\"user_password_confirm\" id=\"user_password_confirm\" type=\"password\" data-field-name=\"user_password_confirm\" class=\"jet-form-builder__field text-field\" data-jfb-sync=\"null\" autocomplete=\"off_i350ontq\">\n\t\t\t\t\t<\/div>\n<\/div>\n\n<div  class=\"jet-form-builder-row field-type-submit-field cb-p06pcmsf\" >\n\t<div data-type=\"submit\" class=\"jet-form-builder__action-button-wrapper jet-form-builder__submit-wrap\">\n\t<button class=\"jet-form-builder__action-button jet-form-builder__submit submit-type-reload\" type=\"submit\">Crear cuenta de Empresa<\/button>\n\t<\/div>\n\t\n<\/div>\t<div class=\"jet-form-builder-messages-wrap\" data-form-id=\"703\"><\/div>\n<\/form>\n\t\t\t\t<\/div>\n\t\t\t\t<\/div>\n\t\t\t\t<\/div>\n\t\t\t\t<\/div>\n\t\t<div class=\"elementor-element elementor-element-c89feaa e-con-full e-flex wpr-particle-no wpr-jarallax-no wpr-parallax-no wpr-sticky-section-no wpr-equal-height-no e-con e-child\" data-id=\"c89feaa\" data-element_type=\"container\" data-e-type=\"container\" data-settings=\"{&quot;sticky&quot;:&quot;top&quot;,&quot;sticky_on&quot;:[&quot;desktop&quot;,&quot;laptop&quot;,&quot;tablet&quot;],&quot;sticky_parent&quot;:&quot;yes&quot;,&quot;sticky_offset&quot;:0,&quot;sticky_effects_offset&quot;:0,&quot;sticky_anchor_link_offset&quot;:0}\">\n\t\t\t\t<div class=\"elementor-element elementor-element-3b0db1a elementor-hidden-mobile elementor-widget elementor-widget-heading\" data-id=\"3b0db1a\" data-element_type=\"widget\" data-e-type=\"widget\" data-widget_type=\"heading.default\">\n\t\t\t\t\t<h2 class=\"elementor-heading-title elementor-size-default\">Encuentra tu <br>pr\u00f3ximo candidato<\/h2>\t\t\t\t<\/div>\n\t\t\t\t<div class=\"elementor-element elementor-element-f9009da elementor-widget__width-initial elementor-hidden-mobile elementor-widget elementor-widget-text-editor\" data-id=\"f9009da\" data-element_type=\"widget\" data-e-type=\"widget\" data-widget_type=\"text-editor.default\">\n\t\t\t\t\t\t\t\t\t<p>S\u00famate a miles de empresas que usan nuestro ecosistema IT impulsada por IA para descubrir, conectar y contratar el mejor talento, m\u00e1s r\u00e1pido que nunca.<\/p>\t\t\t\t\t\t\t\t<\/div>\n\t\t\t\t<div class=\"elementor-element elementor-element-562fbf3 elementor-widget elementor-widget-image\" data-id=\"562fbf3\" data-element_type=\"widget\" data-e-type=\"widget\" data-widget_type=\"image.default\">\n\t\t\t\t\t\t\t\t\t\t\t\t\t\t\t<img fetchpriority=\"high\" decoding=\"async\" width=\"800\" height=\"766\" src=\"https:\/\/itsitejobs.com\/wp-content\/uploads\/2026\/01\/Random-3-1-1024x981.png\" class=\"attachment-large size-large wp-image-684\" alt=\"\" srcset=\"https:\/\/itsitejobs.com\/wp-content\/uploads\/2026\/01\/Random-3-1-1024x981.png 1024w, https:\/\/itsitejobs.com\/wp-content\/uploads\/2026\/01\/Random-3-1-600x575.png 600w, https:\/\/itsitejobs.com\/wp-content\/uploads\/2026\/01\/Random-3-1-300x288.png 300w, https:\/\/itsitejobs.com\/wp-content\/uploads\/2026\/01\/Random-3-1-768x736.png 768w, https:\/\/itsitejobs.com\/wp-content\/uploads\/2026\/01\/Random-3-1-13x12.png 13w, https:\/\/itsitejobs.com\/wp-content\/uploads\/2026\/01\/Random-3-1.png 1274w\" sizes=\"(max-width: 800px) 100vw, 800px\" \/>\t\t\t\t\t\t\t\t\t\t\t\t\t\t\t<\/div>\n\t\t\t\t<\/div>\n\t\t\t\t\t<\/div>\n\t\t\t\t<\/div>\n\t\t\t\t<\/div>\n\t\t","protected":false},"excerpt":{"rendered":"<p>Encuentra tu pr\u00f3ximo candidato S\u00famate a miles de empresas que usan nuestro ecosistema IT impulsada por IA para descubrir, conectar y contratar el mejor talento, m\u00e1s r\u00e1pido que nunca. Crea tu cuenta gratis Encuentra el mejor talento hoy mismo Informaci\u00f3n de la empresa Nombre * Apellido * Pa\u00eds * Selecciona un pa\u00edsArgentinaM\u00e9xicoColombiaChileEspa\u00f1aEstados UnidosOtro Provincia\/Estado Ciudad Direcci\u00f3n Raz\u00f3n social * Nombre de la empresa CUIT Direcci\u00f3n fiscal Industria * Seleccionar industriaTecnolog\u00edaFinanzasSaludE-commerceMarketingEducaci\u00f3nConsultor\u00edaRetailManufacturaLog\u00edsticaOtra Tama\u00f1o de la empresa * 1-10 empleados11-50 empleados51-200 empleados201-500 empleados500+ empleados Informaci\u00f3n de la cuenta Mail corporativo * Contrase\u00f1a * Repetir contrase\u00f1a * Crear cuenta de Empresa Encuentra tu pr\u00f3ximo candidato S\u00famate a miles de empresas que usan nuestro ecosistema IT impulsada por IA para descubrir, conectar y contratar el mejor talento, m\u00e1s r\u00e1pido que nunca.<\/p>","protected":false},"author":1,"featured_media":0,"parent":0,"menu_order":0,"comment_status":"closed","ping_status":"closed","template":"","meta":{"inline_featured_image":false,"footnotes":""},"class_list":["post-681","page","type-page","status-publish","hentry"],"_links":{"self":[{"href":"https:\/\/itsitejobs.com\/en\/wp-json\/wp\/v2\/pages\/681","targetHints":{"allow":["GET"]}}],"collection":[{"href":"https:\/\/itsitejobs.com\/en\/wp-json\/wp\/v2\/pages"}],"about":[{"href":"https:\/\/itsitejobs.com\/en\/wp-json\/wp\/v2\/types\/page"}],"author":[{"embeddable":true,"href":"https:\/\/itsitejobs.com\/en\/wp-json\/wp\/v2\/users\/1"}],"replies":[{"embeddable":true,"href":"https:\/\/itsitejobs.com\/en\/wp-json\/wp\/v2\/comments?post=681"}],"version-history":[{"count":76,"href":"https:\/\/itsitejobs.com\/en\/wp-json\/wp\/v2\/pages\/681\/revisions"}],"predecessor-version":[{"id":2574,"href":"https:\/\/itsitejobs.com\/en\/wp-json\/wp\/v2\/pages\/681\/revisions\/2574"}],"wp:attachment":[{"href":"https:\/\/itsitejobs.com\/en\/wp-json\/wp\/v2\/media?parent=681"}],"curies":[{"name":"wp","href":"https:\/\/api.w.org\/{rel}","templated":true}]}}